{"id":18,"date":"2019-12-26T13:18:12","date_gmt":"2019-12-26T13:18:12","guid":{"rendered":"http:\/\/wtl-laborbedarf.de\/?page_id=18"},"modified":"2019-12-26T13:18:12","modified_gmt":"2019-12-26T13:18:12","slug":"unternehmen","status":"publish","type":"page","link":"https:\/\/wtl-laborbedarf.de\/?page_id=18","title":{"rendered":"Unternehmen"},"content":{"rendered":"\n<p>Die Firma WTL Laborbedarf in Kastellaun ist im Besitz von Frau Gunhild Schnieders und Herrn Dr. Christoph Schnieders. <br> <br> Wir sind VGKL-H\u00e4ndler und vertreiben somit alle Ger\u00e4te und Artikel, die im Labor verwendet werden.<br> <br> Die Firma WTL gibt es schon seit 34 Jahren. Zuerst hatte sie Ihren Sitz in Bad Rappenau. 1998 \u00fcbernahm die Familie Schnieders die Firma WTL.<br>Seither hat sie Ihren Sitz in Kastellaun. <br> <br>WTL und seine Mitarbeiter stehen im engen Dialog mit Anwendern und den Herstellern unserer Produkte. Unser Ziel ist es, Ihnen mit unserem Lieferprogramm s\u00e4mtliche Artikel vom gew\u00fcnschten Hersteller in bester Qualit\u00e4t zu liefern.<br> <br> Profitieren Sie von unserer \u00fcber 30j\u00e4hrigen T\u00e4tigkeit im Labor!<\/p>\n","protected":false},"excerpt":{"rendered":"<p>Die Firma WTL Laborbedarf in Kastellaun ist im Besitz von Frau Gunhild Schnieders und Herrn Dr. Christoph Schnieders. Wir sind VGKL-H\u00e4ndler und vertreiben somit alle Ger\u00e4te und Artikel, die im Labor verwendet werden. Die Firma WTL gibt es schon seit 34 Jahren. Zuerst hatte sie Ihren Sitz in Bad Rappenau. 1998 \u00fcbernahm die Familie Schnieders [&hellip;]<\/p>\n","protected":false},"author":1,"featured_media":0,"parent":0,"menu_order":0,"comment_status":"closed","ping_status":"closed","template":"","meta":[],"_links":{"self":[{"href":"https:\/\/wtl-laborbedarf.de\/index.php?rest_route=\/wp\/v2\/pages\/18"}],"collection":[{"href":"https:\/\/wtl-laborbedarf.de\/index.php?rest_route=\/wp\/v2\/pages"}],"about":[{"href":"https:\/\/wtl-laborbedarf.de\/index.php?rest_route=\/wp\/v2\/types\/page"}],"author":[{"embeddable":true,"href":"https:\/\/wtl-laborbedarf.de\/index.php?rest_route=\/wp\/v2\/users\/1"}],"replies":[{"embeddable":true,"href":"https:\/\/wtl-laborbedarf.de\/index.php?rest_route=%2Fwp%2Fv2%2Fcomments&post=18"}],"version-history":[{"count":1,"href":"https:\/\/wtl-laborbedarf.de\/index.php?rest_route=\/wp\/v2\/pages\/18\/revisions"}],"predecessor-version":[{"id":19,"href":"https:\/\/wtl-laborbedarf.de\/index.php?rest_route=\/wp\/v2\/pages\/18\/revisions\/19"}],"wp:attachment":[{"href":"https:\/\/wtl-laborbedarf.de\/index.php?rest_route=%2Fwp%2Fv2%2Fmedia&parent=18"}],"curies":[{"name":"wp","href":"https:\/\/api.w.org\/{rel}","templated":true}]}}