{"id":20,"date":"2019-12-26T13:21:08","date_gmt":"2019-12-26T13:21:08","guid":{"rendered":"http:\/\/wtl-laborbedarf.de\/?page_id=20"},"modified":"2019-12-30T13:16:38","modified_gmt":"2019-12-30T13:16:38","slug":"anfrage","status":"publish","type":"page","link":"https:\/\/wtl-laborbedarf.de\/?page_id=20","title":{"rendered":"Anfrage"},"content":{"rendered":"\n<p>Bitte fragen Sie uns an f\u00fcr Laborglas <strong>Made in Germany<\/strong>.<\/p>\n\n\n\n<p>Sonderangebote f\u00fcr Magnetr\u00fchrer und Laborwaagen.<\/p>\n\n\n\n<p>Die aktuellen Preise, sowie gegebenenfalls Rabatte, erhalten Sie auf Anfrage. <br>Unsere Mitarbeiter stehen Ihnen jederzeit zur Verf\u00fcgung und unterbreiten Ihnen gerne ein interessantes Angebot.<\/p>\n\n\n\n<p>Rufen Sie uns an unter:<\/p>\n\n\n\n<p>Telefon: 06762 \/ 950982<br>Fax:\u00a0\u00a0\u00a0\u00a0\u00a0\u00a0\u00a0 06762 \/ 960231 <\/p>\n\n\n\n<p>Oder nutzen Sie unser Kontaktformular:<\/p>\n\n\n\n<p><a href=\"mailto:info@wtl-laborbedarf.de\">info@wtl-laborbedarf.de<\/a><\/p>\n\n\n<div class=\"wpforms-container wpforms-container-full\" id=\"wpforms-51\"><form id=\"wpforms-form-51\" class=\"wpforms-validate wpforms-form\" data-formid=\"51\" method=\"post\" enctype=\"multipart\/form-data\" action=\"\/index.php?rest_route=%2Fwp%2Fv2%2Fpages%2F20\" data-token=\"b5e973baa09b865d856f75c9fa764ec2\"><noscript class=\"wpforms-error-noscript\">Bitte aktiviere JavaScript in deinem Browser, um dieses Formular fertigzustellen.<\/noscript><div class=\"wpforms-field-container\"><div id=\"wpforms-51-field_0-container\" class=\"wpforms-field wpforms-field-name\" data-field-id=\"0\"><label class=\"wpforms-field-label\" for=\"wpforms-51-field_0\">Name <span class=\"wpforms-required-label\">*<\/span><\/label><div class=\"wpforms-field-row wpforms-field-medium\"><div class=\"wpforms-field-row-block wpforms-first wpforms-one-half\"><input type=\"text\" id=\"wpforms-51-field_0\" class=\"wpforms-field-name-first wpforms-field-required\" name=\"wpforms[fields][0][first]\" required><label for=\"wpforms-51-field_0\" class=\"wpforms-field-sublabel after \">Vorname<\/label><\/div><div class=\"wpforms-field-row-block wpforms-one-half\"><input type=\"text\" id=\"wpforms-51-field_0-last\" class=\"wpforms-field-name-last wpforms-field-required\" name=\"wpforms[fields][0][last]\" required><label for=\"wpforms-51-field_0-last\" class=\"wpforms-field-sublabel after \">Nachname<\/label><\/div><\/div><\/div><div id=\"wpforms-51-field_3-container\" class=\"wpforms-field wpforms-field-text\" data-field-id=\"3\"><label class=\"wpforms-field-label\" for=\"wpforms-51-field_3\">Firma<\/label><input type=\"text\" id=\"wpforms-51-field_3\" class=\"wpforms-field-medium\" name=\"wpforms[fields][3]\" ><\/div><div id=\"wpforms-51-field_1-container\" class=\"wpforms-field wpforms-field-email\" data-field-id=\"1\"><label class=\"wpforms-field-label\" for=\"wpforms-51-field_1\">E-Mail <span class=\"wpforms-required-label\">*<\/span><\/label><input type=\"email\" id=\"wpforms-51-field_1\" class=\"wpforms-field-medium wpforms-field-required\" name=\"wpforms[fields][1]\" required><\/div><div id=\"wpforms-51-field_2-container\" class=\"wpforms-field wpforms-field-textarea\" data-field-id=\"2\"><label class=\"wpforms-field-label\" for=\"wpforms-51-field_2\">Kommentar oder Nachricht <span class=\"wpforms-required-label\">*<\/span><\/label><textarea id=\"wpforms-51-field_2\" class=\"wpforms-field-medium wpforms-field-required\" name=\"wpforms[fields][2]\" required><\/textarea><\/div><\/div><div class=\"wpforms-field wpforms-field-hp\"><label for=\"wpforms-51-field-hp\" class=\"wpforms-field-label\">Website<\/label><input type=\"text\" name=\"wpforms[hp]\" id=\"wpforms-51-field-hp\" class=\"wpforms-field-medium\"><\/div><div class=\"wpforms-submit-container\"><input type=\"hidden\" name=\"wpforms[id]\" value=\"51\"><input type=\"hidden\" name=\"wpforms[author]\" value=\"1\"><button type=\"submit\" name=\"wpforms[submit]\" id=\"wpforms-submit-51\" class=\"wpforms-submit\" data-alt-text=\"Senden...\" data-submit-text=\"Absenden\" aria-live=\"assertive\" value=\"wpforms-submit\">Absenden<\/button><\/div><\/form><\/div>  <!-- .wpforms-container -->","protected":false},"excerpt":{"rendered":"<p>Bitte fragen Sie uns an f\u00fcr Laborglas Made in Germany. Sonderangebote f\u00fcr Magnetr\u00fchrer und Laborwaagen. Die aktuellen Preise, sowie gegebenenfalls Rabatte, erhalten Sie auf Anfrage. Unsere Mitarbeiter stehen Ihnen jederzeit zur Verf\u00fcgung und unterbreiten Ihnen gerne ein interessantes Angebot. Rufen Sie uns an unter: Telefon: 06762 \/ 950982Fax:\u00a0\u00a0\u00a0\u00a0\u00a0\u00a0\u00a0 06762 \/ 960231 Oder nutzen Sie unser [&hellip;]<\/p>\n","protected":false},"author":1,"featured_media":0,"parent":0,"menu_order":0,"comment_status":"closed","ping_status":"closed","template":"","meta":[],"_links":{"self":[{"href":"https:\/\/wtl-laborbedarf.de\/index.php?rest_route=\/wp\/v2\/pages\/20"}],"collection":[{"href":"https:\/\/wtl-laborbedarf.de\/index.php?rest_route=\/wp\/v2\/pages"}],"about":[{"href":"https:\/\/wtl-laborbedarf.de\/index.php?rest_route=\/wp\/v2\/types\/page"}],"author":[{"embeddable":true,"href":"https:\/\/wtl-laborbedarf.de\/index.php?rest_route=\/wp\/v2\/users\/1"}],"replies":[{"embeddable":true,"href":"https:\/\/wtl-laborbedarf.de\/index.php?rest_route=%2Fwp%2Fv2%2Fcomments&post=20"}],"version-history":[{"count":11,"href":"https:\/\/wtl-laborbedarf.de\/index.php?rest_route=\/wp\/v2\/pages\/20\/revisions"}],"predecessor-version":[{"id":63,"href":"https:\/\/wtl-laborbedarf.de\/index.php?rest_route=\/wp\/v2\/pages\/20\/revisions\/63"}],"wp:attachment":[{"href":"https:\/\/wtl-laborbedarf.de\/index.php?rest_route=%2Fwp%2Fv2%2Fmedia&parent=20"}],"curies":[{"name":"wp","href":"https:\/\/api.w.org\/{rel}","templated":true}]}}