{"id":22,"date":"2019-12-26T13:22:47","date_gmt":"2019-12-26T13:22:47","guid":{"rendered":"http:\/\/wtl-laborbedarf.de\/?page_id=22"},"modified":"2019-12-26T13:22:47","modified_gmt":"2019-12-26T13:22:47","slug":"impressum","status":"publish","type":"page","link":"https:\/\/wtl-laborbedarf.de\/?page_id=22","title":{"rendered":"Impressum"},"content":{"rendered":"\n<p>Verantwortlich f\u00fcr den Inhalt:<\/p>\n\n\n\n<p>Dr. Christoph Schnieders<br>Am Ring 29<br>56288 \/ Kastellaun <br>Tel.: 06762 \/ 950982                                                                                            Fax: 06762\/ 960231<br><a href=\"mailto:info@wtl-laborbedarf.de\">info@wtl-laborbedarf.de<\/a><br> \u00a0<\/p>\n\n\n\n<p>USt.-IdNr.: DE184367638<\/p>\n\n\n\n<p>Steuer-Nr.: 40\/662\/0024\/7<\/p>\n\n\n\n<p>Handelsregister: Amtsgericht Bad Kreuznach HRB 3803<\/p>\n\n\n\n<p>Gesch\u00e4ftsf\u00fchrer: Dr. Christoph Schnieders<br>\n&nbsp;<\/p>\n\n\n\n<p><strong>Links zu anderen Websites:<\/strong><br>\nDiese Website enth\u00e4lt Verweise auf Websites, die von Dritten eingerichtet\nwurden. Wir haben keinerlei Kontrolle \u00fcber die Websites und die dort\nangebotenen Informationen, Waren oder Dienstleistungen. Wir \u00fcbernehmen daher\nkeinerlei Verantwortung, aus welchem Rechtsgrund auch immer, f\u00fcr den Inhalt der\nWebsites Dritter.<\/p>\n","protected":false},"excerpt":{"rendered":"<p>Verantwortlich f\u00fcr den Inhalt: Dr. Christoph SchniedersAm Ring 2956288 \/ Kastellaun Tel.: 06762 \/ 950982 Fax: 06762\/ 960231info@wtl-laborbedarf.de \u00a0 USt.-IdNr.: DE184367638 Steuer-Nr.: 40\/662\/0024\/7 Handelsregister: Amtsgericht Bad Kreuznach HRB 3803 Gesch\u00e4ftsf\u00fchrer: Dr. Christoph Schnieders &nbsp; Links zu anderen Websites: Diese Website enth\u00e4lt Verweise auf Websites, die von Dritten eingerichtet wurden. Wir haben keinerlei Kontrolle \u00fcber die [&hellip;]<\/p>\n","protected":false},"author":1,"featured_media":0,"parent":0,"menu_order":0,"comment_status":"closed","ping_status":"closed","template":"","meta":[],"_links":{"self":[{"href":"https:\/\/wtl-laborbedarf.de\/index.php?rest_route=\/wp\/v2\/pages\/22"}],"collection":[{"href":"https:\/\/wtl-laborbedarf.de\/index.php?rest_route=\/wp\/v2\/pages"}],"about":[{"href":"https:\/\/wtl-laborbedarf.de\/index.php?rest_route=\/wp\/v2\/types\/page"}],"author":[{"embeddable":true,"href":"https:\/\/wtl-laborbedarf.de\/index.php?rest_route=\/wp\/v2\/users\/1"}],"replies":[{"embeddable":true,"href":"https:\/\/wtl-laborbedarf.de\/index.php?rest_route=%2Fwp%2Fv2%2Fcomments&post=22"}],"version-history":[{"count":1,"href":"https:\/\/wtl-laborbedarf.de\/index.php?rest_route=\/wp\/v2\/pages\/22\/revisions"}],"predecessor-version":[{"id":23,"href":"https:\/\/wtl-laborbedarf.de\/index.php?rest_route=\/wp\/v2\/pages\/22\/revisions\/23"}],"wp:attachment":[{"href":"https:\/\/wtl-laborbedarf.de\/index.php?rest_route=%2Fwp%2Fv2%2Fmedia&parent=22"}],"curies":[{"name":"wp","href":"https:\/\/api.w.org\/{rel}","templated":true}]}}